{"id":99,"date":"2019-05-20T16:13:00","date_gmt":"2019-05-20T14:13:00","guid":{"rendered":"http:\/\/sternwind.at\/?page_id=99"},"modified":"2019-05-20T16:20:53","modified_gmt":"2019-05-20T14:20:53","slug":"presse","status":"publish","type":"page","link":"http:\/\/sternwind.at\/?page_id=99","title":{"rendered":"Presse"},"content":{"rendered":"\n<figure class=\"wp-block-image\"><img loading=\"lazy\" decoding=\"async\" width=\"561\" height=\"206\" src=\"http:\/\/sternwind.at\/wp-content\/uploads\/2019\/05\/Logo-EU-SW.jpg\" alt=\"\" class=\"wp-image-29\" srcset=\"http:\/\/sternwind.at\/wp-content\/uploads\/2019\/05\/Logo-EU-SW.jpg 561w, http:\/\/sternwind.at\/wp-content\/uploads\/2019\/05\/Logo-EU-SW-300x110.jpg 300w\" sizes=\"auto, (max-width: 561px) 100vw, 561px\" \/><\/figure>\n\n\n\n<p><strong>Windpark STERNWALD<\/strong><br> Seit 2005 gr\u00f6\u00dfter Windpark Ober\u00f6sterreichs<br> Optimaler Standort sorgt f\u00fcr beste Energiebilanz<br> J\u00e4hrlich bis zu 31,2 Mio KWh umweltfreundlicher Strom in das Netz der EnergieAG<\/p>\n\n\n\n<p><strong>Entwicklung:<br><\/strong> Im Jahre 1996 wurden die ersten Schritte zur Realisierung des Windparks STERNWIND gemacht, die erste Windkraftanlage ging am 29. August 2003 ans Netz. Mit der Genehmigung und der Errichtung von 6 weiteren Windkraftanlagen der Type VESTAS erreicht der Windpark STERNWIND die Endgr\u00f6\u00dfe mit 7 Windkraftanlagen.<\/p>\n\n\n\n<p> <strong>B\u00fcrgerbeteiligung:<\/strong><br> Die Finanzierung des Projektes \u00fcbernehmen Gesellschafter der STERNWIND GmbH und viele B\u00fcrgerinnen und B\u00fcrger aus Vorderwei\u00dfenbach und den angrenzenden Gemeinden. B\u00fcrger vor Ort haben die M\u00f6glichkeit, an der Finanzierung in unternehmerischer Art teilzunehmen.<\/p>\n\n\n\n<p> <strong>Energiebilanz ist optimal:<\/strong><br> Bestechend ist die Jahresenergiebilanz des Windparks STERNWIND. Die derzeit im Betrieb stehende Anlage produziert Strom f\u00fcr mehr als 1200 Hauhalte, die weiteren 6 Anlagen werden Strom f\u00fcr mehr als 7.800 Haushalte produzieren. Damit zeigt sich der H\u00f6henr\u00fccken des Sternwaldes als sehr gut geeignet f\u00fcr die Windenergienutzung.<\/p>\n\n\n\n<p><strong>Prognosen<\/strong>:<br>Der gesamte Windpark STERNWIND wird nach der zweiten Ausbaustufe bis zu\u00a031.000.000 kWh j\u00e4hrlich in das Netz der EnergieAG einspeisen. Dies entspricht dem Durchschnittsverbrauch von mehr als 9.000 Haushalten.<br> Das hei\u00dft, dass damit mehr als 10 Prozent des M\u00fchlviertler Stromverbrauches produziert wird.<\/p>\n\n\n\n<p><strong>Umweltaspekte<\/strong>:<br>Der Betrieb des Windparks bringt eine deutliche j\u00e4hrliche Reduktion von Treibhausgasen, mehr als 22.000 Tonnen CO2, 30 Tonnen SO2, 40 Tonnen NOx.<br>Oder anders gesagt: Wir ersparen uns j\u00e4hrlich ein Verbrennen von 2.852.425 m3 Erdgas und 2.711.428 l Heiz\u00f6l schwer und 3.512.807 kg Kohle, wie gesagt pro Jahr.<br>Die f\u00fcr die Herstellung der Komponenten der Windkraftanlagen ben\u00f6tigte Energie wird in etwa 4 Betriebsmonaten produziert.<br><\/p>\n\n\n\n<p><strong>Investitionen:<\/strong><br> Die Investitionskosten betragen f\u00fcr die zu errichtenden Anlagen knapp 16 Mio. Euro.<br>In diesem Betrag ist auch die neu zu errichtende Netzanbindung an das Umspannwerk Rohrbach enthalten.<br>Diese Netzanbindung verbessert auch die regionale Stromversorgung und ist als unterirdisch verlegtes Kabel ausgef\u00fchrt.<br>Mag. Andreas Reichl<br>STERNWIND GmbH &amp; Co KG<\/p>\n","protected":false},"excerpt":{"rendered":"<p>Windpark STERNWALD Seit 2005 gr\u00f6\u00dfter Windpark Ober\u00f6sterreichs Optimaler Standort sorgt f\u00fcr beste Energiebilanz J\u00e4hrlich bis zu 31,2 Mio KWh umweltfreundlicher Strom in das Netz der EnergieAG Entwicklung: Im Jahre 1996 wurden die ersten Schritte zur Realisierung des Windparks STERNWIND gemacht, die erste Windkraftanlage ging am 29. August 2003 ans Netz. Mit der Genehmigung und der &hellip; <\/p>\n<p class=\"link-more\"><a href=\"http:\/\/sternwind.at\/?page_id=99\" class=\"more-link\"><span class=\"screen-reader-text\">\u201ePresse\u201c <\/span>weiterlesen<\/a><\/p>\n","protected":false},"author":3,"featured_media":0,"parent":4,"menu_order":12,"comment_status":"closed","ping_status":"closed","template":"","meta":{"footnotes":""},"class_list":["post-99","page","type-page","status-publish","hentry","entry"],"_links":{"self":[{"href":"http:\/\/sternwind.at\/index.php?rest_route=\/wp\/v2\/pages\/99","targetHints":{"allow":["GET"]}}],"collection":[{"href":"http:\/\/sternwind.at\/index.php?rest_route=\/wp\/v2\/pages"}],"about":[{"href":"http:\/\/sternwind.at\/index.php?rest_route=\/wp\/v2\/types\/page"}],"author":[{"embeddable":true,"href":"http:\/\/sternwind.at\/index.php?rest_route=\/wp\/v2\/users\/3"}],"replies":[{"embeddable":true,"href":"http:\/\/sternwind.at\/index.php?rest_route=%2Fwp%2Fv2%2Fcomments&post=99"}],"version-history":[{"count":1,"href":"http:\/\/sternwind.at\/index.php?rest_route=\/wp\/v2\/pages\/99\/revisions"}],"predecessor-version":[{"id":100,"href":"http:\/\/sternwind.at\/index.php?rest_route=\/wp\/v2\/pages\/99\/revisions\/100"}],"up":[{"embeddable":true,"href":"http:\/\/sternwind.at\/index.php?rest_route=\/wp\/v2\/pages\/4"}],"wp:attachment":[{"href":"http:\/\/sternwind.at\/index.php?rest_route=%2Fwp%2Fv2%2Fmedia&parent=99"}],"curies":[{"name":"wp","href":"https:\/\/api.w.org\/{rel}","templated":true}]}}