{"id":96,"date":"2019-05-20T16:10:46","date_gmt":"2019-05-20T14:10:46","guid":{"rendered":"http:\/\/sternwind.at\/?page_id=96"},"modified":"2020-04-20T09:42:20","modified_gmt":"2020-04-20T07:42:20","slug":"forschung","status":"publish","type":"page","link":"http:\/\/sternwind.at\/?page_id=96","title":{"rendered":"Forschung"},"content":{"rendered":"\n<figure class=\"wp-block-image\"><img loading=\"lazy\" decoding=\"async\" width=\"561\" height=\"206\" src=\"http:\/\/sternwind.at\/wp-content\/uploads\/2019\/05\/Logo-EU-SW.jpg\" alt=\"\" class=\"wp-image-29\" srcset=\"http:\/\/sternwind.at\/wp-content\/uploads\/2019\/05\/Logo-EU-SW.jpg 561w, http:\/\/sternwind.at\/wp-content\/uploads\/2019\/05\/Logo-EU-SW-300x110.jpg 300w\" sizes=\"auto, (max-width: 561px) 100vw, 561px\" \/><\/figure>\n\n\n\n<p><strong>Interreg III A \u2013 Projekt<\/strong><\/p>\n\n\n\n<p>Die konkrete Problemstellung f\u00fcr den Projektantrag war die m\u00f6gliche Errichtung eines Windparks mit einer installierten Leistung von 7 x 2 MW in \u00d6sterreich und 2 x 2 MW in Tschechien und einer Jahresarbeit von 32,4 Mio. kWh im Gebiet des Sternwaldes.<br>Dieser Windpark k\u00f6nnte 7 Windkraftanlagen auf \u00f6sterreichischer Seite und 2 Windkraftanlagen in Tschechien umfassen. Das Projekt w\u00fcrde den Strombedarf von etwa 10.000 Haushalten decken und j\u00e4hrlich die Verbrennung von 10,8 Mio. Liter \u00d6l und die Emission von 22.700 Tonnen CO2 einsparen.<br>Die Analyse der Betriebserfahrungen von bestehenden Windparks in Ober\u00f6sterreich und zus\u00e4tzliche Windmessungen im M\u00fchlviertel und in S\u00fcdb\u00f6hmen zeigten, dass Standorte in H\u00f6henlagen von 1.000 m grunds\u00e4tzlich gut f\u00fcr die Nutzung von Windenergie geeignet w\u00e4ren, da hier die negativen Einfl\u00fcsse auf die Windstr\u00f6mungen wie Gel\u00e4ndeformation und Bodenrauigkeit weniger zum Tragen kommen. Allerdings ist die Errichtung von Windenergieanlagen in diesen Gebieten mit besonderen technischen Herausforderungen konfrontiert:<br>Die Vereisungsgefahr ist sehr hoch und es sollten Ma\u00dfnahmen gesetzt werden, um die Rotorbl\u00e4tter eisfrei zu halten.<br>Die Standorte befinden sich meist in sehr komplexem und bewaldetem Gel\u00e4nde und ihre Errichtung erfordert gr\u00f6\u00dfere Turmh\u00f6hen.<br>Die Standorte sind meist schlecht erschlossen und es m\u00fcssen Zufahrtswege und lange Stromableitungen errichtet werden.<br>Da sich der geplante Standort des Windparks im Grenzgebiet zwischen Ober\u00f6sterreich und S\u00fcdb\u00f6hmen befindet, bietet sich bei der Realisierung eine grenz\u00fcberschreitende Zusammenarbeit der betroffenen Gemeinden und Initiativgruppen an.<\/p>\n\n\n\n<p><strong>Windpotential Grenzwald<\/strong><br>Ziel des Projektes war die Erhebung des Windpotentials im Waldgebiet des ober\u00f6sterreichisch-tschechischen Grenzraumes und in der Folge eine Analyse der Nutzungsm\u00f6glichkeiten von Windenergie im Waldgebiet. Weiterer Bestandteil des Projektes war die Erstellung einer Feasibility-Study \u00fcber die Errichtungsm\u00f6glichkeiten von Windkraftanlagen in diesem Gebiet. Einen dritten Schwerpunkt des Projektes bildete die Analyse der Netznutzungsm\u00f6glichkeiten beiderseits der Grenze zur Tschechischen Republik.<\/p>\n\n\n\n<p><strong>Umweltf\u00f6rderung Bund<\/strong><\/p>\n\n\n\n<figure class=\"wp-block-image\"><img loading=\"lazy\" decoding=\"async\" width=\"379\" height=\"285\" src=\"http:\/\/sternwind.at\/wp-content\/uploads\/2019\/05\/503-eis.jpg\" alt=\"\" class=\"wp-image-68\" srcset=\"http:\/\/sternwind.at\/wp-content\/uploads\/2019\/05\/503-eis.jpg 379w, http:\/\/sternwind.at\/wp-content\/uploads\/2019\/05\/503-eis-300x226.jpg 300w\" sizes=\"auto, (max-width: 379px) 100vw, 379px\" \/><figcaption>Vereisung am Messmast auf dem Sternstein<\/figcaption><\/figure>\n\n\n\n<p><strong>Vereisungsmessung Sternwald<\/strong><br>Der Standort Sternwald stellt durch die H\u00f6henlage und die N\u00e4he zum Moldaustausee einen der am meisten vereisungsgef\u00e4hrdeten Standorte \u00d6sterreichs dar. F\u00fcr die Planung und Errichtung des Windparks sind daher noch detaillierte Messungen erforderlich. Zugleich bieten die hier herrschenden extremen meteorologischen Bedingungen ideale Voraussetzungen f\u00fcr die Erprobung der entsprechenden Sensoren und zur Analyse von Erfahrungen f\u00fcr den zuk\u00fcnftigen Umgang mit derart extremen Vereisungsbedingungen.<\/p>\n","protected":false},"excerpt":{"rendered":"<p>Interreg III A \u2013 Projekt Die konkrete Problemstellung f\u00fcr den Projektantrag war die m\u00f6gliche Errichtung eines Windparks mit einer installierten Leistung von 7 x 2 MW in \u00d6sterreich und 2 x 2 MW in Tschechien und einer Jahresarbeit von 32,4 Mio. kWh im Gebiet des Sternwaldes.Dieser Windpark k\u00f6nnte 7 Windkraftanlagen auf \u00f6sterreichischer Seite und 2 &hellip; <\/p>\n<p class=\"link-more\"><a href=\"http:\/\/sternwind.at\/?page_id=96\" class=\"more-link\"><span class=\"screen-reader-text\">\u201eForschung\u201c <\/span>weiterlesen<\/a><\/p>\n","protected":false},"author":3,"featured_media":0,"parent":4,"menu_order":11,"comment_status":"closed","ping_status":"closed","template":"","meta":{"footnotes":""},"class_list":["post-96","page","type-page","status-publish","hentry","entry"],"_links":{"self":[{"href":"http:\/\/sternwind.at\/index.php?rest_route=\/wp\/v2\/pages\/96","targetHints":{"allow":["GET"]}}],"collection":[{"href":"http:\/\/sternwind.at\/index.php?rest_route=\/wp\/v2\/pages"}],"about":[{"href":"http:\/\/sternwind.at\/index.php?rest_route=\/wp\/v2\/types\/page"}],"author":[{"embeddable":true,"href":"http:\/\/sternwind.at\/index.php?rest_route=\/wp\/v2\/users\/3"}],"replies":[{"embeddable":true,"href":"http:\/\/sternwind.at\/index.php?rest_route=%2Fwp%2Fv2%2Fcomments&post=96"}],"version-history":[{"count":3,"href":"http:\/\/sternwind.at\/index.php?rest_route=\/wp\/v2\/pages\/96\/revisions"}],"predecessor-version":[{"id":172,"href":"http:\/\/sternwind.at\/index.php?rest_route=\/wp\/v2\/pages\/96\/revisions\/172"}],"up":[{"embeddable":true,"href":"http:\/\/sternwind.at\/index.php?rest_route=\/wp\/v2\/pages\/4"}],"wp:attachment":[{"href":"http:\/\/sternwind.at\/index.php?rest_route=%2Fwp%2Fv2%2Fmedia&parent=96"}],"curies":[{"name":"wp","href":"https:\/\/api.w.org\/{rel}","templated":true}]}}