{"id":93,"date":"2019-05-20T16:08:23","date_gmt":"2019-05-20T14:08:23","guid":{"rendered":"http:\/\/sternwind.at\/?page_id=93"},"modified":"2019-05-20T16:20:20","modified_gmt":"2019-05-20T14:20:20","slug":"windenergie-weltweit","status":"publish","type":"page","link":"http:\/\/sternwind.at\/?page_id=93","title":{"rendered":"Windenergie weltweit"},"content":{"rendered":"\n<p><strong>Windenergie in \u00d6sterreich<\/strong><\/p>\n\n\n\n<figure class=\"wp-block-image\"><img loading=\"lazy\" decoding=\"async\" width=\"1024\" height=\"568\" src=\"http:\/\/sternwind.at\/wp-content\/uploads\/2019\/05\/2014-Windkraft-in-\u00d6stereich-1024x568.png\" alt=\"\" class=\"wp-image-69\" srcset=\"http:\/\/sternwind.at\/wp-content\/uploads\/2019\/05\/2014-Windkraft-in-\u00d6stereich-1024x568.png 1024w, http:\/\/sternwind.at\/wp-content\/uploads\/2019\/05\/2014-Windkraft-in-\u00d6stereich-300x166.png 300w, http:\/\/sternwind.at\/wp-content\/uploads\/2019\/05\/2014-Windkraft-in-\u00d6stereich-768x426.png 768w, http:\/\/sternwind.at\/wp-content\/uploads\/2019\/05\/2014-Windkraft-in-\u00d6stereich.png 1038w\" sizes=\"auto, (max-width: 1024px) 100vw, 1024px\" \/><\/figure>\n\n\n\n<p>Die Sonne sendet als n\u00e4chstgelegener Stern eine Energiemenge von etwa 1.000 Watt auf jeden Quadratmeter Erdoberfl\u00e4che. Diese f\u00fcr menschliche Dimensionen unersch\u00f6pfliche Energie ist Antriebskraft der erneuerbaren Energienutzung in Form von Wasserkraft, Solarenergie, Biomasse und Windenergie.<br>Wind ist ein Rohstoff, der die Importabh\u00e4ngigkeit verringert und die regionale Wirtschaft st\u00e4rkt. Kriegerische Handlungen zur Erhaltung der Versorgungssicherheit sind dabei nicht notwendig.<br>Die Energieerzeugung durch Windkraftanlagen erfolgt ohne Freisetzung von Schadstoffen. Die f\u00fcr die Erzeugung und Errichtung der Windkraftanlage ben\u00f6tigte Energie wird innerhalb 2,5 bis 4 Monaten ins Stromnetz \u201ezur\u00fcckgespeist\u201c.<br>Durch geringen Ressourceneinsatz pro Leistung und hoch entwickelte Technologie ist die Windenergienutzung die wirtschaftlichste Form der alternativen Elektrizit\u00e4tserzeugung. An sehr guten Standorten kann sie mit Strom aus neuen Kohle- und Atomkraftwerken konkurrieren, ohne jedoch dabei die Lebensgrundlagen n\u00e4chster Generationen zu gef\u00e4hrden. Zwei Drittel der Windenergie steht im Winterhalbjahr zur Verf\u00fcgung, wo die Wasserkraftnutzung in \u00d6sterreich ihren Tiefstand erreicht und somit gut erg\u00e4nzt werden kann.<br>Detaillierte Informationen \u00fcber die Grundlagen der Stromproduktion aus Wind bietet der d\u00e4nische Herstellerverband und unter www.windpower.org\/de\/tour\/index.htm.<\/p>\n\n\n\n<p><strong>Weltweit<\/strong><\/p>\n\n\n\n<figure class=\"wp-block-image\"><img loading=\"lazy\" decoding=\"async\" width=\"772\" height=\"807\" src=\"http:\/\/sternwind.at\/wp-content\/uploads\/2019\/05\/Anteil-neuer-Kraftwerke.png\" alt=\"\" class=\"wp-image-70\" srcset=\"http:\/\/sternwind.at\/wp-content\/uploads\/2019\/05\/Anteil-neuer-Kraftwerke.png 772w, http:\/\/sternwind.at\/wp-content\/uploads\/2019\/05\/Anteil-neuer-Kraftwerke-287x300.png 287w, http:\/\/sternwind.at\/wp-content\/uploads\/2019\/05\/Anteil-neuer-Kraftwerke-768x803.png 768w\" sizes=\"auto, (max-width: 772px) 100vw, 772px\" \/><figcaption><em>Anteil neuer Kraftwerke weltweit<\/em><\/figcaption><\/figure>\n\n\n\n<p>Mit einem Rekordzuwachs von \u00fcber 11.100 Megawatt \u00a02013 konnte die fr\u00fcher gerne utopisch bezeichnete Windkraft die Atomkraft beim Zubau von neuen Kraftwerkskapazit\u00e4ten bereits zum f\u00fcnften Mal in Serie und um mehr als das 4-fache \u00fcbertreffen.<br>Waren zu Beginn der neunziger Jahre rund um den Globus ca. 2.000 MW Windkraftleistung am Netz, konnten Ende 2003 bereits rund 38.000 MW gez\u00e4hlt werden.<br>74% der weltweit installierten Leistung befindet sich in Europa, wobei davon wiederum 80% in den L\u00e4ndern Deutschland, Spanien und D\u00e4nemark zu finden sind.<br>So deckt D\u00e4nemark mittlerweile 18 % seines Elektrizit\u00e4tsbedarfes aus Windkraft. In Deutschland drehen sich bereits \u00fcber 12.000 Windr\u00e4der, die 4 % des Elektrizit\u00e4tsbedarfes abdecken.<br>An die 65.000 Besch\u00e4ftigte sind in Europa im Bereich Windkraft zu verzeichnen.<br>Die USA verf\u00fcgen trotz ihres gro\u00dfen Potenzials nach wie vor \u00fcber kein durchg\u00e4ngiges F\u00f6rdermodell und somit \u00fcber eine eingeschr\u00e4nkte Nutzung. Asien ist noch von der Wirtschaftskrise gezeichnet. Indien k\u00f6nnte aber wegen seinem enormen Elektrizit\u00e4tsbedarf wieder verst\u00e4rkt in die Windkraft einsteigen, und in China ist in vielen regionalen Pl\u00e4nen ein Ausbau vorgesehen.<\/p>\n\n\n\n<figure class=\"wp-block-image\"><img loading=\"lazy\" decoding=\"async\" width=\"1024\" height=\"477\" src=\"http:\/\/sternwind.at\/wp-content\/uploads\/2019\/05\/\u00c4nderung-Energiemix-200-2013-1024x477.png\" alt=\"\" class=\"wp-image-71\" srcset=\"http:\/\/sternwind.at\/wp-content\/uploads\/2019\/05\/\u00c4nderung-Energiemix-200-2013-1024x477.png 1024w, http:\/\/sternwind.at\/wp-content\/uploads\/2019\/05\/\u00c4nderung-Energiemix-200-2013-300x140.png 300w, http:\/\/sternwind.at\/wp-content\/uploads\/2019\/05\/\u00c4nderung-Energiemix-200-2013-768x358.png 768w, http:\/\/sternwind.at\/wp-content\/uploads\/2019\/05\/\u00c4nderung-Energiemix-200-2013.png 1288w\" sizes=\"auto, (max-width: 1024px) 100vw, 1024px\" \/><figcaption>PowerMix 2000 und 2013<\/figcaption><\/figure>\n\n\n\n<p>In den anderen Teilen der Welt kommt die Windkraft langsam aber sicher in Schwung. In \u00c4gypten ist ein 300 MW Projekt in Bau. In Australien und Russland sind ebenfalls gro\u00dfe Projekte in Planung.<\/p>\n\n\n\n<figure class=\"wp-block-image\"><img loading=\"lazy\" decoding=\"async\" width=\"390\" height=\"292\" src=\"http:\/\/sternwind.at\/wp-content\/uploads\/2019\/05\/304-v80_horns_rev.jpg\" alt=\"\" class=\"wp-image-65\" srcset=\"http:\/\/sternwind.at\/wp-content\/uploads\/2019\/05\/304-v80_horns_rev.jpg 390w, http:\/\/sternwind.at\/wp-content\/uploads\/2019\/05\/304-v80_horns_rev-300x225.jpg 300w\" sizes=\"auto, (max-width: 390px) 100vw, 390px\" \/><\/figure>\n\n\n\n<p>Besonders zukunftstr\u00e4chtig ist der Offshore-Bereich: So wurde in D\u00e4nemark rund 15 Kilometer vor der Nordseek\u00fcste bei Esbjerg der weltweit gr\u00f6\u00dfte Offshore-Windpark mit einer Gesamtleistung von 160 Megawatt (MW) errichtet.<\/p>\n\n\n\n<p><strong>\u00d6sterreich<\/strong><br>Lange Zeit wurde angenommen, dass das \u00f6sterreichische Windpotenzial f\u00fcr eine Nutzung durch Windkraftanlagen unzureichend sei. Erst eigene Wind \u2013 Messungen begeisterten.<br>Ende der 80er-Jahre zeigten unerwartet gute Windverh\u00e4ltnisse auf. Viele Standorte in Ost\u00f6sterreich k\u00f6nnen selbst mit Gebieten 15 km hinter d\u00e4nischen und deutschen K\u00fcsten konkurrieren. Erst seit kurzem wei\u00df man auch das Potential im Voralpenland und in alpinen Bereichen zu sch\u00e4tzen.<br>Mit Ende 2003 drehen in \u00d6sterreich 300 Windkraftanlagen mit einer Jahresarbeit von 790 Mio. Kilowattstunden. Diese Anlagen liefern sauberen Strom f\u00fcr 230.000 Haushalte und entlasten die Atmosph\u00e4re j\u00e4hrlich um mehr als 550.000 Tonnen Kohlendioxyd.<\/p>\n\n\n\n<p><strong>Ober\u00d6sterreich \/ M\u00fchlviertel<\/strong><\/p>\n\n\n\n<figure class=\"wp-block-image\"><img loading=\"lazy\" decoding=\"async\" width=\"379\" height=\"285\" src=\"http:\/\/sternwind.at\/wp-content\/uploads\/2019\/05\/306-oesterreichs_wka_03.jpg\" alt=\"\" class=\"wp-image-66\" srcset=\"http:\/\/sternwind.at\/wp-content\/uploads\/2019\/05\/306-oesterreichs_wka_03.jpg 379w, http:\/\/sternwind.at\/wp-content\/uploads\/2019\/05\/306-oesterreichs_wka_03-300x226.jpg 300w\" sizes=\"auto, (max-width: 379px) 100vw, 379px\" \/><\/figure>\n\n\n\n<p>Die Erfahrungen mit dem Betrieb dieser Anlagen haben gezeigt, dass stark gegliedertes Gel\u00e4nde und gro\u00dfe Bodenrauhigkeit die Energieertr\u00e4ge der Anlagen negativ beeinflussen und H\u00f6henlagen trotz der komplizierteren Errichtungs- und Betriebssituation besser f\u00fcr die Nutzung von Windenergie geeignet sein d\u00fcrften. Den j\u00fcngsten Beweis dazu liefert der noch junge Windpark Steiglberg, der mit 1 x 2.000 kW installierter Leistung deutlich \u00fcber der Prognose von 3,4 Mio. kWh liegt.<\/p>\n\n\n\n<p>In Ober\u00f6sterreich befanden sich zu Projektbeginn 2002 elf gr\u00f6\u00dfere Windenergieanlagen mit einer installierten Leistung von 6,6 Megawatt und einem Jahresertrag von etwa 11 Mio. kWh in Betrieb:<\/p>\n\n\n\n<p>Windpark Sp\u00f6rbichl 2 x 660 kW<br>Windpark Schenkenfelden 2 x 600 kW<br>Windpark Laussa 3 x 600 kW<br>Windpark Steindlberg 2 x 660 kW<br>Windpark Eberschwang 2 x 500 kW<br>Windpark Munderfing 5 x 3,075 MW<\/p>\n\n\n\n<p><strong>Tschechien<\/strong><\/p>\n\n\n\n<figure class=\"wp-block-image\"><img loading=\"lazy\" decoding=\"async\" width=\"379\" height=\"285\" src=\"http:\/\/sternwind.at\/wp-content\/uploads\/2019\/05\/307-windparks_cz.jpg\" alt=\"\" class=\"wp-image-67\" srcset=\"http:\/\/sternwind.at\/wp-content\/uploads\/2019\/05\/307-windparks_cz.jpg 379w, http:\/\/sternwind.at\/wp-content\/uploads\/2019\/05\/307-windparks_cz-300x226.jpg 300w\" sizes=\"auto, (max-width: 379px) 100vw, 379px\" \/><\/figure>\n\n\n\n<p>Windenergienutzung hat in Tschechien eine lange Tradition. Erste Aufzeichnungen gibt es aus dem 13. Jahrhundert und im 19. Jahrhundert wurden etwa 900 Windr\u00e4der betrieben.<br>Windkraftanlagen der neueren Generation gingen zwischen 1990 und 1995 im Ausma\u00df von 8 MW in Betrieb. Nach 1995 wurden keine neuen Windparks errichtet. 2002 waren noch Anlagen mit einer Leistung von etwa 5 MW in Betrieb.<br>Einige gr\u00f6\u00dfere Projekte mit einer Gesamtleistung von 150 MW konnten trotz teilweise sehr guten Windverh\u00e4ltnissen aus Finanzierungsgr\u00fcnden nicht verwirklicht werden.<\/p>\n","protected":false},"excerpt":{"rendered":"<p>Windenergie in \u00d6sterreich Die Sonne sendet als n\u00e4chstgelegener Stern eine Energiemenge von etwa 1.000 Watt auf jeden Quadratmeter Erdoberfl\u00e4che. Diese f\u00fcr menschliche Dimensionen unersch\u00f6pfliche Energie ist Antriebskraft der erneuerbaren Energienutzung in Form von Wasserkraft, Solarenergie, Biomasse und Windenergie.Wind ist ein Rohstoff, der die Importabh\u00e4ngigkeit verringert und die regionale Wirtschaft st\u00e4rkt. Kriegerische Handlungen zur Erhaltung der &hellip; <\/p>\n<p class=\"link-more\"><a href=\"http:\/\/sternwind.at\/?page_id=93\" class=\"more-link\"><span class=\"screen-reader-text\">\u201eWindenergie weltweit\u201c <\/span>weiterlesen<\/a><\/p>\n","protected":false},"author":3,"featured_media":0,"parent":4,"menu_order":10,"comment_status":"closed","ping_status":"closed","template":"","meta":{"footnotes":""},"class_list":["post-93","page","type-page","status-publish","hentry","entry"],"_links":{"self":[{"href":"http:\/\/sternwind.at\/index.php?rest_route=\/wp\/v2\/pages\/93","targetHints":{"allow":["GET"]}}],"collection":[{"href":"http:\/\/sternwind.at\/index.php?rest_route=\/wp\/v2\/pages"}],"about":[{"href":"http:\/\/sternwind.at\/index.php?rest_route=\/wp\/v2\/types\/page"}],"author":[{"embeddable":true,"href":"http:\/\/sternwind.at\/index.php?rest_route=\/wp\/v2\/users\/3"}],"replies":[{"embeddable":true,"href":"http:\/\/sternwind.at\/index.php?rest_route=%2Fwp%2Fv2%2Fcomments&post=93"}],"version-history":[{"count":1,"href":"http:\/\/sternwind.at\/index.php?rest_route=\/wp\/v2\/pages\/93\/revisions"}],"predecessor-version":[{"id":94,"href":"http:\/\/sternwind.at\/index.php?rest_route=\/wp\/v2\/pages\/93\/revisions\/94"}],"up":[{"embeddable":true,"href":"http:\/\/sternwind.at\/index.php?rest_route=\/wp\/v2\/pages\/4"}],"wp:attachment":[{"href":"http:\/\/sternwind.at\/index.php?rest_route=%2Fwp%2Fv2%2Fmedia&parent=93"}],"curies":[{"name":"wp","href":"https:\/\/api.w.org\/{rel}","templated":true}]}}