{"id":89,"date":"2019-05-20T16:02:35","date_gmt":"2019-05-20T14:02:35","guid":{"rendered":"http:\/\/sternwind.at\/?page_id=89"},"modified":"2019-05-20T16:20:04","modified_gmt":"2019-05-20T14:20:04","slug":"web-winenergie-ag","status":"publish","type":"page","link":"http:\/\/sternwind.at\/?page_id=89","title":{"rendered":"WEB Windenergie AG"},"content":{"rendered":"\n<figure class=\"wp-block-image is-resized\"><img loading=\"lazy\" decoding=\"async\" src=\"http:\/\/sternwind.at\/wp-content\/uploads\/2019\/05\/WEB-Logo.png\" alt=\"\" class=\"wp-image-64\" width=\"297\" height=\"231\" srcset=\"http:\/\/sternwind.at\/wp-content\/uploads\/2019\/05\/WEB-Logo.png 738w, http:\/\/sternwind.at\/wp-content\/uploads\/2019\/05\/WEB-Logo-300x234.png 300w\" sizes=\"auto, (max-width: 297px) 100vw, 297px\" \/><\/figure>\n\n\n\n<p><a href=\"http:\/\/www.windenergie.at\/page.asp\/-\/windenergie.htm\"><strong>WEB Windenergie AG \u2013 zuverl\u00e4ssiger Partner<\/strong><\/a><br>Die <a href=\"http:\/\/www.windenergie.at\/page.asp\/-\/windenergie.htm\">WEB Windenergie AG<\/a>, \u00d6sterreichs gr\u00f6\u00dftes B\u00fcrgerbeteiligungsunternehmen im Bereich der Windenergie mit mehr als 2 Jahrzehnten Erfahrung, ist mit 49 % am Windpark Sternwald beteiligt.<br>Sowohl in der Projektentwicklung als auch im Betrieb der Anlagen arbeiten wir stark zusammen, der Windpark Sternwald profitiert hier von der jahrzehntelangen Erfahrung, dem Know-how und der Infrastruktur (zB. Fern\u00fcberwachung) der W.E.B<br>Mehr Informationen \u00fcber die W.E.B finden Sie auf <a href=\"http:\/\/www.windenergie.at\/\">www.windenergie.at<\/a>.<\/p>\n\n\n\n<p>WEB Windenergie AG<br>Davidstra\u00dfe 1<br>A-3834 Pfaffenschlag<br>T: +43 (0) 2848\/6336-0<br>F: +43 (0) 2848\/6336-14<br><a href=\"mailto:web@windenergie.at\">web@windenergie.at<br> <\/a><a href=\"http:\/\/www.windenergie.at\/\">www.windenergie.at<\/a><br><\/p>\n","protected":false},"excerpt":{"rendered":"<p>WEB Windenergie AG \u2013 zuverl\u00e4ssiger PartnerDie WEB Windenergie AG, \u00d6sterreichs gr\u00f6\u00dftes B\u00fcrgerbeteiligungsunternehmen im Bereich der Windenergie mit mehr als 2 Jahrzehnten Erfahrung, ist mit 49 % am Windpark Sternwald beteiligt.Sowohl in der Projektentwicklung als auch im Betrieb der Anlagen arbeiten wir stark zusammen, der Windpark Sternwald profitiert hier von der jahrzehntelangen Erfahrung, dem Know-how und &hellip; <\/p>\n<p class=\"link-more\"><a href=\"http:\/\/sternwind.at\/?page_id=89\" class=\"more-link\"><span class=\"screen-reader-text\">\u201eWEB Windenergie AG\u201c <\/span>weiterlesen<\/a><\/p>\n","protected":false},"author":3,"featured_media":0,"parent":4,"menu_order":9,"comment_status":"closed","ping_status":"closed","template":"","meta":{"footnotes":""},"class_list":["post-89","page","type-page","status-publish","hentry","entry"],"_links":{"self":[{"href":"http:\/\/sternwind.at\/index.php?rest_route=\/wp\/v2\/pages\/89","targetHints":{"allow":["GET"]}}],"collection":[{"href":"http:\/\/sternwind.at\/index.php?rest_route=\/wp\/v2\/pages"}],"about":[{"href":"http:\/\/sternwind.at\/index.php?rest_route=\/wp\/v2\/types\/page"}],"author":[{"embeddable":true,"href":"http:\/\/sternwind.at\/index.php?rest_route=\/wp\/v2\/users\/3"}],"replies":[{"embeddable":true,"href":"http:\/\/sternwind.at\/index.php?rest_route=%2Fwp%2Fv2%2Fcomments&post=89"}],"version-history":[{"count":2,"href":"http:\/\/sternwind.at\/index.php?rest_route=\/wp\/v2\/pages\/89\/revisions"}],"predecessor-version":[{"id":92,"href":"http:\/\/sternwind.at\/index.php?rest_route=\/wp\/v2\/pages\/89\/revisions\/92"}],"up":[{"embeddable":true,"href":"http:\/\/sternwind.at\/index.php?rest_route=\/wp\/v2\/pages\/4"}],"wp:attachment":[{"href":"http:\/\/sternwind.at\/index.php?rest_route=%2Fwp%2Fv2%2Fmedia&parent=89"}],"curies":[{"name":"wp","href":"https:\/\/api.w.org\/{rel}","templated":true}]}}