{"id":85,"date":"2019-05-20T16:00:16","date_gmt":"2019-05-20T14:00:16","guid":{"rendered":"http:\/\/sternwind.at\/?page_id=85"},"modified":"2019-05-20T16:19:48","modified_gmt":"2019-05-20T14:19:48","slug":"buergerbeteiligung","status":"publish","type":"page","link":"http:\/\/sternwind.at\/?page_id=85","title":{"rendered":"B\u00fcrgerbeteiligung"},"content":{"rendered":"\n<p><strong>2018-6-1<\/strong><br>Einladung zum Windstammtisch der Anleihezeichner:<br>Am Do., 14. Juni 2018, 19.30 Uhr findet in Vorderwei\u00dfenbach beim Schmankerlwirt der j\u00e4hrliche Windstammtisch statt. Alle Beteiligte wurden auch mittels Brief informiert und eingeladen.<br>Wir freuen uns auf Ihr Kommen.<\/p>\n\n\n\n<p><strong>2017-6-8<\/strong> &#8211; <strong>Einladung zum Windstammtisch der Anleihezeichner:<\/strong><br>Do., 29.6.2017, 19 Uhr im Gasthof Schmankerlwirt in Vorderwei\u00dfenbach.<br>Die Einladung ergeht auch schriftlich in den n\u00e4chsten Tagen.<\/p>\n\n\n\n<p><strong>2017-4-5<\/strong><br>Folgende Hinweise f\u00fcr die eventuelle Versteuerung der Zinszahlungen sind von unserem Steuerberater genannt worden:<br>Steuerliche Behandlung und Eintragung in die Steuererkl\u00e4rung \u2013\u00a0Zinszahlungen der Anleihe:<\/p>\n\n\n\n<ol class=\"wp-block-list\"><li>bei der Zinsenzahlung handelt es sich um Eink\u00fcnfte aus Kapitalverm\u00f6gen und sind in der Erkl\u00e4rung \u201eE1 kv unter der KZ 857 (im Jahr 2016)\u201c einzutragen<\/li><li>eine Angabe in der Steuererkl\u00e4rung kann unterbleiben, wenn neben nichtselbst\u00e4ndigen Eink\u00fcnften (Dienstverh\u00e4ltnis, Pension) keine weiteren Eink\u00fcnfte von mehr als insgesamt EURO 730,00 erzielt werden<\/li><li>es wird empfohlen, einen Steuerberater Ihres Vertrauens bei der Erstellung der Steuererkl\u00e4rung beizuziehen<\/li><\/ol>\n\n\n\n<p><strong>2016-6-1<\/strong><br>Am\u00a0ersten Zinszahlungstag wurden die vereinbarten Betr\u00e4ge auf die bekanntgegebenen Konten per 31.5.2016 \u00fcberwiesen.<\/p>\n\n\n\n<p><strong>2016-2-5<\/strong><br>Aufgrund der Einw\u00e4nde der \u00d6sterreichischen Finanzmarktaufsicht wurden die Anleihebedingungen angepasst, diese wurden bereits an die Beteiligten zugesandt.<\/p>\n\n\n\n<p><strong>2015-6-1<\/strong><br>Die Zeichnung der Anleihen f\u00fcr das Projekt Sternwald III wurde mit Ende Mai 2015 abgeschlossen.<br>Wir freuen uns sehr \u00fcber die rege Beteiligung und k\u00f6nnen mitteilen, dass der gesamte erwartete Betrag aufgebracht werden konnte.<br>Die Zeichnungsbest\u00e4tigung wird den Anleihezeichnern in den n\u00e4chsten Wochen zugestellt werden.<br>Die n\u00e4chsten Schritte k\u00f6nnen nun gesetzt werden:<\/p>\n\n\n\n<ul class=\"wp-block-list\"><li>Bestellung der Anlagen<\/li><li>Beauftragung der Baufirmen<\/li><\/ul>\n\n\n\n<p>Weitere Informationen werden folgen.<\/p>\n\n\n\n<p><strong>2015-4-15 B\u00fcrgerbeteiligung wurde verl\u00e4ngert<\/strong><br>Die Zeichnungsfrist f\u00fcr die B\u00fcrgerbeteiligung am Projekt Sternwald III wurde verl\u00e4ngert bis 29.\u00a0Mai 2015.<br>Ich bitte Sie um eine kurze Mail an sternwind@sternwind.at, damit ich Ihnen die Unterlagen zur Beteiligung zusenden kann.<\/p>\n\n\n\n<p><strong>2015-3-20 B\u00fcrgerbeteiligung Sternwald III:<\/strong><br>Die Vorbereitungen f\u00fcr die B\u00fcrgerbeteiligung sind abgeschlossen. Das Prospekt gepr\u00fcft und bei der Kontrollbank hinterlegt. Die Ver\u00f6ffentlichung in der Wiener Zeitung erfolgte am 18.3.2015.<br>Einzige Grundlage der Beteiligung stellt jedoch das gepr\u00fcfte und hinterlegte Prospekt dar. Wir senden Ihnen dieses gerne zu.<\/p>\n\n\n\n<p><strong>Zeichnungsvorgang:<\/strong><br>Wir freuen uns \u00fcber Ihr Interesse an unserer Anleihe und senden Ihnen gerne den Zeichnungsschein als auch die Anleihebedingungen zu.<br>Zeichnungsfrist: \u00a0 \u00a0 \u00a0 \u00a0 \u00a0 \u00a0 \u00a0 \u00a020. \u00a0M\u00e4rz bis 15. \u00a0April 2015<br>Anleihezeichnung:<br>a) durch vollst\u00e4ndiges Ausf\u00fcllen, Unterfertigung <br> \u00a0und Zusendung des Zeichnungsscheines an die Emittentin<br>b) durch vollst\u00e4ndige Einzahlung des Betrages auf das Konto der Volksbank Linz-Wels-M\u00fchlviertel:IBAN: AT094480030695800000<br>BIC: VBWEAT2WXXX<br>c) durch die schriftliche Annahme durch die <br> \u00a0STERNWIND III GmbH.<br>Unterlagen k\u00f6nnen bei Mag. Andreas Reichl angefordert<br>werden unter +43 664 300 1881 bzw. per Email unter<br>sternwind@sternwind.at.<\/p>\n\n\n\n<p><strong>2015-1 B\u00fcrgerbeteiligung Sternwald III:<\/strong><br>Wir bereiten die B\u00fcrgerbeteiligung f\u00fcr das Projekt Sternwald III vor und befinden uns bereits in der Finalisierungsphase.<br>Wenn das Prospekt gepr\u00fcft ist und bei der FMA hinterlegt, werden wir zu einer Informationsveranstaltung in Vorderwei\u00dfenbach einladen.<\/p>\n\n\n\n<p><\/p>\n\n\n\n<p><strong>B\u00fcrgerbeteiligung Sternwald II:<\/strong><\/p>\n\n\n\n<figure class=\"wp-block-image\"><img loading=\"lazy\" decoding=\"async\" width=\"325\" height=\"245\" src=\"http:\/\/sternwind.at\/wp-content\/uploads\/2019\/05\/SW-2-5.jpg\" alt=\"\" class=\"wp-image-79\" srcset=\"http:\/\/sternwind.at\/wp-content\/uploads\/2019\/05\/SW-2-5.jpg 325w, http:\/\/sternwind.at\/wp-content\/uploads\/2019\/05\/SW-2-5-300x226.jpg 300w\" sizes=\"auto, (max-width: 325px) 100vw, 325px\" \/><\/figure>\n\n\n\n<p>Die Finanzierung des Projektes Sternwind II erfolgt durch die M\u00f6glichkeit einer breiten B\u00fcrgerbeteiligung sowie durch Gesellschafter der STERNWIND GmbH.<\/p>\n\n\n\n<figure class=\"wp-block-image\"><img loading=\"lazy\" decoding=\"async\" width=\"271\" height=\"203\" src=\"http:\/\/sternwind.at\/wp-content\/uploads\/2019\/05\/SW-2-4.png\" alt=\"\" class=\"wp-image-78\"\/><\/figure>\n\n\n\n<p>Die BETEILIGUNG als atypisch stiller Gesellschafter war m\u00f6glich und wurde in gro\u00dfem Umfang genutzt.<\/p>\n\n\n\n<figure class=\"wp-block-image\"><img loading=\"lazy\" decoding=\"async\" width=\"270\" height=\"203\" src=\"http:\/\/sternwind.at\/wp-content\/uploads\/2019\/05\/SW-2-3.png\" alt=\"\" class=\"wp-image-77\"\/><\/figure>\n\n\n\n<p>Die BETEILIGUNG hat schriftliche Antr\u00e4ge in der H\u00f6he von mehr als 1 Mio. Euro gebracht.<\/p>\n\n\n\n<figure class=\"wp-block-image\"><img loading=\"lazy\" decoding=\"async\" width=\"265\" height=\"199\" src=\"http:\/\/sternwind.at\/wp-content\/uploads\/2019\/05\/SW-2-1.png\" alt=\"\" class=\"wp-image-75\"\/><\/figure>\n\n\n\n<p>Mit der Beteiligung haben sich die B\u00fcrger vor Ort (80 % aus dem M\u00fchlviertel, 20 % aus O\u00d6.) mit 25 % des gesamten Eigenkapital an der STERNWIND GmbH &amp; Co KG beteiligt.<br><br>Wir danken f\u00fcr das Vertrauen.<\/p>\n","protected":false},"excerpt":{"rendered":"<p>2018-6-1Einladung zum Windstammtisch der Anleihezeichner:Am Do., 14. Juni 2018, 19.30 Uhr findet in Vorderwei\u00dfenbach beim Schmankerlwirt der j\u00e4hrliche Windstammtisch statt. Alle Beteiligte wurden auch mittels Brief informiert und eingeladen.Wir freuen uns auf Ihr Kommen. 2017-6-8 &#8211; Einladung zum Windstammtisch der Anleihezeichner:Do., 29.6.2017, 19 Uhr im Gasthof Schmankerlwirt in Vorderwei\u00dfenbach.Die Einladung ergeht auch schriftlich in den &hellip; <\/p>\n<p class=\"link-more\"><a href=\"http:\/\/sternwind.at\/?page_id=85\" class=\"more-link\"><span class=\"screen-reader-text\">\u201eB\u00fcrgerbeteiligung\u201c <\/span>weiterlesen<\/a><\/p>\n","protected":false},"author":3,"featured_media":0,"parent":4,"menu_order":8,"comment_status":"closed","ping_status":"closed","template":"","meta":{"footnotes":""},"class_list":["post-85","page","type-page","status-publish","hentry","entry"],"_links":{"self":[{"href":"http:\/\/sternwind.at\/index.php?rest_route=\/wp\/v2\/pages\/85","targetHints":{"allow":["GET"]}}],"collection":[{"href":"http:\/\/sternwind.at\/index.php?rest_route=\/wp\/v2\/pages"}],"about":[{"href":"http:\/\/sternwind.at\/index.php?rest_route=\/wp\/v2\/types\/page"}],"author":[{"embeddable":true,"href":"http:\/\/sternwind.at\/index.php?rest_route=\/wp\/v2\/users\/3"}],"replies":[{"embeddable":true,"href":"http:\/\/sternwind.at\/index.php?rest_route=%2Fwp%2Fv2%2Fcomments&post=85"}],"version-history":[{"count":2,"href":"http:\/\/sternwind.at\/index.php?rest_route=\/wp\/v2\/pages\/85\/revisions"}],"predecessor-version":[{"id":87,"href":"http:\/\/sternwind.at\/index.php?rest_route=\/wp\/v2\/pages\/85\/revisions\/87"}],"up":[{"embeddable":true,"href":"http:\/\/sternwind.at\/index.php?rest_route=\/wp\/v2\/pages\/4"}],"wp:attachment":[{"href":"http:\/\/sternwind.at\/index.php?rest_route=%2Fwp%2Fv2%2Fmedia&parent=85"}],"curies":[{"name":"wp","href":"https:\/\/api.w.org\/{rel}","templated":true}]}}