{"id":4,"date":"2019-05-20T12:23:03","date_gmt":"2019-05-20T10:23:03","guid":{"rendered":"http:\/\/sternwind.at\/?page_id=4"},"modified":"2026-04-01T19:11:11","modified_gmt":"2026-04-01T17:11:11","slug":"willkommen","status":"publish","type":"page","link":"http:\/\/sternwind.at\/","title":{"rendered":"Herzlich Willkommen &#8230;"},"content":{"rendered":"\n<p class=\"has-vivid-red-color has-text-color\">\u201e\u2026fossile Energien\u2026, die wir gestern verwendet haben, die sind heute nun einmal verbraucht und verloren.<br>Bei den erneuerbaren Energien \u2013 bei der Sonne, beim Wind -, da ist es genau umgekehrt.&nbsp;<br>Da ist die Sonnen- und Windenergie, die wir gestern nicht genutzt haben, f\u00fcr immer verloren.\u201c<\/p>\n\n\n\n<p class=\"has-cyan-bluish-gray-color has-text-color\"><strong>Jakob von Uexk\u00fcll, Gr\u00fcnder des alternativen Nobelpreises<\/strong><br><strong>Zitiert aus: \u201eEine Minute vor zw\u00f6lf!\u201c \u00d61-Features: Vision\u00e4re im Gespr\u00e4ch mit Johannes Kaup und Michael Kerbler, Seite 32<\/strong><\/p>\n\n\n\n<figure class=\"wp-block-image\"><img loading=\"lazy\" decoding=\"async\" width=\"1024\" height=\"568\" src=\"http:\/\/sternwind.at\/wp-content\/uploads\/2019\/05\/Sternwind-Sujet-1024x568.jpg\" alt=\"\" class=\"wp-image-32\" srcset=\"http:\/\/sternwind.at\/wp-content\/uploads\/2019\/05\/Sternwind-Sujet-1024x568.jpg 1024w, http:\/\/sternwind.at\/wp-content\/uploads\/2019\/05\/Sternwind-Sujet-300x166.jpg 300w, http:\/\/sternwind.at\/wp-content\/uploads\/2019\/05\/Sternwind-Sujet-768x426.jpg 768w, http:\/\/sternwind.at\/wp-content\/uploads\/2019\/05\/Sternwind-Sujet.jpg 1038w\" sizes=\"auto, (max-width: 1024px) 100vw, 1024px\" \/><figcaption class=\"wp-element-caption\">Windenergie gewinnt gute Zukunftsenergie<\/figcaption><\/figure>\n\n\n\n<p>Aktualisiert am 1. April 2026<\/p>\n\n\n\n<p><\/p>\n","protected":false},"excerpt":{"rendered":"<p>\u201e\u2026fossile Energien\u2026, die wir gestern verwendet haben, die sind heute nun einmal verbraucht und verloren.Bei den erneuerbaren Energien \u2013 bei der Sonne, beim Wind -, da ist es genau umgekehrt.&nbsp;Da ist die Sonnen- und Windenergie, die wir gestern nicht genutzt haben, f\u00fcr immer verloren.\u201c Jakob von Uexk\u00fcll, Gr\u00fcnder des alternativen NobelpreisesZitiert aus: \u201eEine Minute vor &hellip; <\/p>\n<p class=\"link-more\"><a href=\"http:\/\/sternwind.at\/\" class=\"more-link\"><span class=\"screen-reader-text\">\u201eHerzlich Willkommen &#8230;\u201c <\/span>weiterlesen<\/a><\/p>\n","protected":false},"author":3,"featured_media":0,"parent":0,"menu_order":1,"comment_status":"closed","ping_status":"closed","template":"","meta":{"footnotes":""},"class_list":["post-4","page","type-page","status-publish","hentry","entry"],"_links":{"self":[{"href":"http:\/\/sternwind.at\/index.php?rest_route=\/wp\/v2\/pages\/4","targetHints":{"allow":["GET"]}}],"collection":[{"href":"http:\/\/sternwind.at\/index.php?rest_route=\/wp\/v2\/pages"}],"about":[{"href":"http:\/\/sternwind.at\/index.php?rest_route=\/wp\/v2\/types\/page"}],"author":[{"embeddable":true,"href":"http:\/\/sternwind.at\/index.php?rest_route=\/wp\/v2\/users\/3"}],"replies":[{"embeddable":true,"href":"http:\/\/sternwind.at\/index.php?rest_route=%2Fwp%2Fv2%2Fcomments&post=4"}],"version-history":[{"count":88,"href":"http:\/\/sternwind.at\/index.php?rest_route=\/wp\/v2\/pages\/4\/revisions"}],"predecessor-version":[{"id":600,"href":"http:\/\/sternwind.at\/index.php?rest_route=\/wp\/v2\/pages\/4\/revisions\/600"}],"wp:attachment":[{"href":"http:\/\/sternwind.at\/index.php?rest_route=%2Fwp%2Fv2%2Fmedia&parent=4"}],"curies":[{"name":"wp","href":"https:\/\/api.w.org\/{rel}","templated":true}]}}