{"id":181,"date":"2020-05-24T09:44:08","date_gmt":"2020-05-24T07:44:08","guid":{"rendered":"http:\/\/sternwind.at\/?page_id=181"},"modified":"2020-05-30T07:30:11","modified_gmt":"2020-05-30T05:30:11","slug":"photovoltaikprojekt-sonnenfeld-in-vorderweissenbach","status":"publish","type":"page","link":"http:\/\/sternwind.at\/?page_id=181","title":{"rendered":"Photovoltaikprojekt Sonnenfeld in Vorderwei\u00dfenbach"},"content":{"rendered":"\n<div class=\"wp-block-group\"><div class=\"wp-block-group__inner-container is-layout-flow wp-block-group-is-layout-flow\">\n<p>Ein B\u00fcrgerbeteiligungsprojekt:<br>Die STERNWIND GmbH sucht nach neuen Technologien der Stromerzeugung, die \u00f6kologischen Kriterien entsprechen m\u00fcssen. <br>+ Die Energieerzeugungsquellen m\u00fcssen aus erneuerbaren Quellen stammen.<br>+ Die CO2-Emissionen m\u00fcssen m\u00f6glichst gering gehalten werden.<br>+ Die Anlagen m\u00fcssen einen m\u00f6glichst geringen negativen Einfluss auf die Umwelt haben.<br>+ &#8218;Kein Brot im Tank&#8216;: Auf landwirtschaftlich genutzten Fl\u00e4chen muss eine Doppelnutzung m\u00f6glich sein, da auch weiterhin die Nahrungsmittelproduktion aufrecht erhalten werden muss.<\/p>\n<\/div><\/div>\n\n\n\n<figure class=\"wp-block-image size-large\"><img loading=\"lazy\" decoding=\"async\" width=\"1024\" height=\"578\" src=\"http:\/\/sternwind.at\/wp-content\/uploads\/2020\/05\/Bewirtschaftungsmodus-Gr\u00fcnland-1-1024x578.png\" alt=\"\" class=\"wp-image-185\" srcset=\"http:\/\/sternwind.at\/wp-content\/uploads\/2020\/05\/Bewirtschaftungsmodus-Gr\u00fcnland-1-1024x578.png 1024w, http:\/\/sternwind.at\/wp-content\/uploads\/2020\/05\/Bewirtschaftungsmodus-Gr\u00fcnland-1-300x169.png 300w, http:\/\/sternwind.at\/wp-content\/uploads\/2020\/05\/Bewirtschaftungsmodus-Gr\u00fcnland-1-768x433.png 768w, http:\/\/sternwind.at\/wp-content\/uploads\/2020\/05\/Bewirtschaftungsmodus-Gr\u00fcnland-1-1536x866.png 1536w, http:\/\/sternwind.at\/wp-content\/uploads\/2020\/05\/Bewirtschaftungsmodus-Gr\u00fcnland-1-2048x1155.png 2048w\" sizes=\"auto, (max-width: 1024px) 100vw, 1024px\" \/><figcaption>Horizontale Modulstellung f\u00fcr Erntemodus Gr\u00fcnlandbewirtschaftung: mit dem M\u00e4hwerk k\u00f6nnen die Fl\u00e4chen gut bewirtschaftet werden. Aufgelockerte PV-Anlagen mit einem Abstand von 10(-15) m zwischen den Reihen. Bild: EWS<\/figcaption><\/figure>\n\n\n\n<p>In Vorderwei\u00dfenbach wurde folgendes Projekt eingereicht:<\/p>\n\n\n\n<p><strong>Technische Daten: <\/strong><br>Nennleistung gesamt ca.: 3,33 MWp<br>Nennleistung je Modul: ca. 0,33 kWp<br>Anzahl der Module: ca. 10.080 <br>Widmungsfl\u00e4che: ca. 7,12 ha (inkl. 10m-Abstand zur Grundgrenze)<br>Stromproduktion pro Jahr: ca. 4 Mio. kWh <br>Stromproduktion gesamt: 94,2 Mio. kWh<\/p>\n\n\n\n<p><strong>Doppelnutzung am Feld:<\/strong><br>Zus\u00e4tzlich zur Stromproduktion werden 80% der Belegungsfl\u00e4che weiterhin landwirtschaftlich genutzt, auf 18% der Gesamtfl\u00e4che werden Bl\u00fchstreifen angelegt. <br>Nur maximal 2 % der Gesamtfl\u00e4che gehen der Landwirtschaft verloren.<\/p>\n\n\n\n<figure class=\"wp-block-image size-large\"><img loading=\"lazy\" decoding=\"async\" width=\"1024\" height=\"524\" src=\"http:\/\/sternwind.at\/wp-content\/uploads\/2020\/05\/Sonnenfeld-Ernte-1024x524.png\" alt=\"\" class=\"wp-image-184\" srcset=\"http:\/\/sternwind.at\/wp-content\/uploads\/2020\/05\/Sonnenfeld-Ernte-1024x524.png 1024w, http:\/\/sternwind.at\/wp-content\/uploads\/2020\/05\/Sonnenfeld-Ernte-300x154.png 300w, http:\/\/sternwind.at\/wp-content\/uploads\/2020\/05\/Sonnenfeld-Ernte-768x393.png 768w, http:\/\/sternwind.at\/wp-content\/uploads\/2020\/05\/Sonnenfeld-Ernte-1536x786.png 1536w, http:\/\/sternwind.at\/wp-content\/uploads\/2020\/05\/Sonnenfeld-Ernte.png 1684w\" sizes=\"auto, (max-width: 1024px) 100vw, 1024px\" \/><figcaption>Erntemodus f\u00fcr Ackerfl\u00e4chen. Foto: EWS<\/figcaption><\/figure>\n\n\n\n<div class=\"wp-block-image\"><figure class=\"alignleft size-large is-resized\"><img loading=\"lazy\" decoding=\"async\" src=\"http:\/\/sternwind.at\/wp-content\/uploads\/2020\/05\/Sonnenfeld-Fl\u00e4chennutzung-1024x579.png\" alt=\"\" class=\"wp-image-186\" width=\"591\" height=\"333\" srcset=\"http:\/\/sternwind.at\/wp-content\/uploads\/2020\/05\/Sonnenfeld-Fl\u00e4chennutzung-1024x579.png 1024w, http:\/\/sternwind.at\/wp-content\/uploads\/2020\/05\/Sonnenfeld-Fl\u00e4chennutzung-300x170.png 300w, http:\/\/sternwind.at\/wp-content\/uploads\/2020\/05\/Sonnenfeld-Fl\u00e4chennutzung-768x434.png 768w, http:\/\/sternwind.at\/wp-content\/uploads\/2020\/05\/Sonnenfeld-Fl\u00e4chennutzung-1536x868.png 1536w, http:\/\/sternwind.at\/wp-content\/uploads\/2020\/05\/Sonnenfeld-Fl\u00e4chennutzung-2048x1158.png 2048w\" sizes=\"auto, (max-width: 591px) 100vw, 591px\" \/><figcaption>M\u00f6glichst geringer Fl\u00e4chenverbrauch: Bestimmte Pflanzenarten bringen bei Teilverschattung einen h\u00f6heren Ertrag, und die Anlagen helfen in regenarmen Jahren vor allzu hoher Austrocknung der B\u00f6den. Schematische Darstellung EWS<\/figcaption><\/figure><\/div>\n\n\n\n<figure class=\"wp-block-image size-large\"><img loading=\"lazy\" decoding=\"async\" width=\"1024\" height=\"578\" src=\"http:\/\/sternwind.at\/wp-content\/uploads\/2020\/05\/Bewirtschatungsmodus-Ackerland-1024x578.png\" alt=\"\" class=\"wp-image-187\" srcset=\"http:\/\/sternwind.at\/wp-content\/uploads\/2020\/05\/Bewirtschatungsmodus-Ackerland-1024x578.png 1024w, http:\/\/sternwind.at\/wp-content\/uploads\/2020\/05\/Bewirtschatungsmodus-Ackerland-300x169.png 300w, http:\/\/sternwind.at\/wp-content\/uploads\/2020\/05\/Bewirtschatungsmodus-Ackerland-768x434.png 768w, http:\/\/sternwind.at\/wp-content\/uploads\/2020\/05\/Bewirtschatungsmodus-Ackerland-1536x868.png 1536w, http:\/\/sternwind.at\/wp-content\/uploads\/2020\/05\/Bewirtschatungsmodus-Ackerland-2048x1157.png 2048w\" sizes=\"auto, (max-width: 1024px) 100vw, 1024px\" \/><figcaption>Bewirtschaftungsmodus der PV-Fl\u00e4che. Symbolische Darstellung  EWS<\/figcaption><\/figure>\n\n\n\n<p><strong>Netzanbindung:<\/strong><br>Der Netzanschluss erfolgt in die bestehende Netzanbindung des Windparks Sternwald. <br>Der bestehende Netzanschluss reicht f\u00fcr das Einspeisevolumen der geplanten PV-Anlage aus, denn Sonnenenergie aus Windkraft und Sonnenenergie aus Photovoltaik-Anlagen erg\u00e4nzen einander hervorragend. <br>Wenn Wind geht, scheint wenig Sonne, wenn die Sonne scheint, geht wenig Wind. <\/p>\n\n\n\n<figure class=\"wp-block-image size-large\"><img loading=\"lazy\" decoding=\"async\" width=\"1024\" height=\"809\" src=\"http:\/\/sternwind.at\/wp-content\/uploads\/2020\/05\/Schnitt-techn1-1024x809.png\" alt=\"\" class=\"wp-image-189\" srcset=\"http:\/\/sternwind.at\/wp-content\/uploads\/2020\/05\/Schnitt-techn1-1024x809.png 1024w, http:\/\/sternwind.at\/wp-content\/uploads\/2020\/05\/Schnitt-techn1-300x237.png 300w, http:\/\/sternwind.at\/wp-content\/uploads\/2020\/05\/Schnitt-techn1-768x607.png 768w, http:\/\/sternwind.at\/wp-content\/uploads\/2020\/05\/Schnitt-techn1.png 1432w\" sizes=\"auto, (max-width: 1024px) 100vw, 1024px\" \/><figcaption>Ma\u00dfe der PV-Anlagen: keine vollfl\u00e4chige Belegung, denn landwirtschaftliche Nutzung muss m\u00f6glich sein.<\/figcaption><\/figure>\n\n\n\n<p><strong>Vorteile des EWS-Sonnenfeldes\u00ae<\/strong><\/p>\n\n\n\n<p>+ \u00d6konomisch &amp; \u00f6kologisch optimiert<br>+ geringster Fl\u00e4chenverlust auf \u00c4ckern und Gr\u00fcnland\u00a0<br>+\u00a0\u00f6kologischer Mehrwert durch Bl\u00fchstreifen<br>+ Erh\u00f6hung der Fl\u00e4chennutzungseffizienz auf bis zu 160 % Erl\u00f6ssteigerung auf den landwirtschaftlichen Fl\u00e4chen gegl\u00e4tteter Tagesgang durch Modulnachf\u00fchrung<br>+ 13 &#8211; 18 % Strom-Mehrertrag durch Modulnachf\u00fchrung Mehrertrag durch schneefreie Module<br>+ weniger oder kein Reinigungsaufwand da Selbstreinigung wegen Steilheit der Module<br>+ geringste Steinschlag- und Besch\u00e4digungsgefahr durch Bewirtschaftungsmodus<br>+ m\u00f6gliche Mehrertr\u00e4ge bei einigen Pflanzenarten durch teilweise Verschattung<\/p>\n\n\n\n<p><strong>Warum dieses Projekt und warum in Vorderwei\u00dfenbach:<\/strong><\/p>\n\n\n\n<ol class=\"wp-block-list\"><li><strong>Nationale Ausbauziele:<\/strong> <br>Bis 2030 sollen 100% des in \u00d6sterreich verbrauchten Stroms aus erneuerbaren Energiequellen kommen. Dazu brauchen wir entsprechende Technik. <br>Die nationalen Ziele schauen folgenderma\u00dfen aus:<\/li><\/ol>\n\n\n\n<figure class=\"wp-block-image size-large\"><img loading=\"lazy\" decoding=\"async\" width=\"1024\" height=\"551\" src=\"http:\/\/sternwind.at\/wp-content\/uploads\/2020\/05\/Nationale-Ausbauziele-\u00d6-1-1024x551.png\" alt=\"\" class=\"wp-image-190\" srcset=\"http:\/\/sternwind.at\/wp-content\/uploads\/2020\/05\/Nationale-Ausbauziele-\u00d6-1-1024x551.png 1024w, http:\/\/sternwind.at\/wp-content\/uploads\/2020\/05\/Nationale-Ausbauziele-\u00d6-1-300x161.png 300w, http:\/\/sternwind.at\/wp-content\/uploads\/2020\/05\/Nationale-Ausbauziele-\u00d6-1-768x413.png 768w, http:\/\/sternwind.at\/wp-content\/uploads\/2020\/05\/Nationale-Ausbauziele-\u00d6-1-1536x826.png 1536w, http:\/\/sternwind.at\/wp-content\/uploads\/2020\/05\/Nationale-Ausbauziele-\u00d6-1-2048x1102.png 2048w\" sizes=\"auto, (max-width: 1024px) 100vw, 1024px\" \/><figcaption>Nationale Ausbauziele zur Erreichung des Ziels von 100% erneuerbarem Strom im Jahr 2030 (Quelle: Regierungsprogramm 2020-2024 der \u00d6sterreichischen Bundesregierung)<br>Bei Photovoltaik bedeutet dies eine Verzehnfachung der derzeit errichteten Anlagen.<\/figcaption><\/figure>\n\n\n\n<p><strong>2. Erfordernis der Energieerzeugung:<\/strong><br>Bis 2030 sollen 100% des Stroms aus erneuerbaren Energiequellen kommen. <br>ABER:<br>Wenn wir ernst nehmen, dass wir m\u00f6glichst kein CO2 mehr emittieren sollen, dann m\u00fcssen 70% des \u00f6sterreichischen Energiebedarfs, der derzeit  aus fossilen Quellen stammt, durch erneuerbare ersetzt werden. <br>ODER: Wir reduzieren unseren Energieverbrauch um 50%: bei der Mobilit\u00e4t, der Heizung, des Haushalts, des Urlaubs, der wirtschaftlichen Produktion, &#8230; <br>Wie gravierend diese Energieverbrauchssenkung w\u00e4re, kann nicht wirklich ermessen werden. Durch die Corona-Krise sei die CO2-Emission um 3-8 % gesunken, ein leichter Vorgeschmack der zuk\u00fcnftigen Einsparungserfordernisse. &#8230;<\/p>\n\n\n\n<p><strong>3. Warum eine Anlage in Vorderwei\u00dfenbach ?<\/strong><br>Die geplante Anlage bedinget sich in der Marktgemeinde Vorderwei\u00dfenbach. Dies deshalb, weil wir in unmittelbarer N\u00e4he den Einspeisepunkt des Windparks Sternwald haben. Durch die gute Kombinationsm\u00f6glichkeit der Erzeugung aus Windkraft und Photovoltaik besteht somit eine hervorragende Einspeisem\u00f6glichkeit. <\/p>\n\n\n\n<p><strong>4. Warum bauen wir nicht auf Hausd\u00e4chern?<\/strong><br>Photovoltaik-Anlagen geh\u00f6ren auf Hausd\u00e4cher vorrangig errichtet. Das ist auch unsere \u00dcberzeugung, und wir unterst\u00fctzen solche Projekte bei der Umsetzung.<br>Probleme: <br>a) Aufgrund der Erh\u00f6hung der Schneelastgrenzen aus dem Jahr 2008 sind 70 % der Haus- und Industried\u00e4cher nicht geeignet, eine PV-Anlage zu tragen. Hohe Investitionen w\u00e4ren erforderlich, diese D\u00e4cher dazu geeignet zu machen.<br>b) Mit den erforderlichen Investitionen w\u00fcrden sich derartige Anlagen kaum wirtschaftlich darstellen lassen.<br>c) D\u00e4cher stehen im Eigentum einer Person, Familie oder Unternehmen. Deshalb stehen wir auf dem Standpunkte, dass der jeweilige Eigent\u00fcmer des Daches eine PV-Anlage errichten und betreiben sollte. <br>d) Photovoltaik auf D\u00e4chern sind ein Projekt auf mehrere Dutzend Jahre. Bei Erneuerung oder Sanierung des Daches sollte die Errichtung einer Photovoltaik-Anlage m\u00f6glich sein, die Investitionen k\u00f6nnten \u00fcber eine Fonds-L\u00f6sung des Landes O\u00f6. gef\u00f6rdert werden. <\/p>\n\n\n\n<p><strong>4. Zur Sichtbarkeit der Anlage:<\/strong><br>Eine Photovoltaik-Anlage, die aus Sonnenlicht Strom erzeugen soll, ist sichtbar. Das ist nicht \u00e4nderbar.<br>Der Haupteinwand stellt damit der Ort der Anlage dar. Diese Thematik stellt sich bei allen Ver\u00e4nderungen in der Landschaft: bei Windkraft, Wasserkraft und auch bei PV-Anlagen in Kombination mit der Landwirtschaft. Diesen Sachverhalt k\u00f6nnen wir derzeit nicht aufl\u00f6sen.<br>Dazu aber folgende \u00dcberlegung: <br>Wenn wir an der Tankstelle Benzin, Diesel oder Erdgas tanken, so sehen wir nicht, woher diese Energie stammt. Wenn wir die Energieerzeugung ins Inland holen, dann werden wir diese Energieerzeugungsanlagen sehen. Eine Wertsch\u00f6pfung von 10 bis 16 Mrd. Euro ins Inland zu holen, w\u00e4re ein wirtschaftlicher Schub f\u00fcr unser Land.<br>F\u00fcr Verbesserungsvorschl\u00e4ge sind wir jederzeit offen.<\/p>\n","protected":false},"excerpt":{"rendered":"<p>Ein B\u00fcrgerbeteiligungsprojekt:Die STERNWIND GmbH sucht nach neuen Technologien der Stromerzeugung, die \u00f6kologischen Kriterien entsprechen m\u00fcssen. + Die Energieerzeugungsquellen m\u00fcssen aus erneuerbaren Quellen stammen.+ Die CO2-Emissionen m\u00fcssen m\u00f6glichst gering gehalten werden.+ Die Anlagen m\u00fcssen einen m\u00f6glichst geringen negativen Einfluss auf die Umwelt haben.+ &#8218;Kein Brot im Tank&#8216;: Auf landwirtschaftlich genutzten Fl\u00e4chen muss eine Doppelnutzung m\u00f6glich sein, &hellip; <\/p>\n<p class=\"link-more\"><a href=\"http:\/\/sternwind.at\/?page_id=181\" class=\"more-link\"><span class=\"screen-reader-text\">\u201ePhotovoltaikprojekt Sonnenfeld in Vorderwei\u00dfenbach\u201c <\/span>weiterlesen<\/a><\/p>\n","protected":false},"author":3,"featured_media":0,"parent":0,"menu_order":14,"comment_status":"closed","ping_status":"closed","template":"","meta":{"footnotes":""},"class_list":["post-181","page","type-page","status-publish","hentry","entry"],"_links":{"self":[{"href":"http:\/\/sternwind.at\/index.php?rest_route=\/wp\/v2\/pages\/181","targetHints":{"allow":["GET"]}}],"collection":[{"href":"http:\/\/sternwind.at\/index.php?rest_route=\/wp\/v2\/pages"}],"about":[{"href":"http:\/\/sternwind.at\/index.php?rest_route=\/wp\/v2\/types\/page"}],"author":[{"embeddable":true,"href":"http:\/\/sternwind.at\/index.php?rest_route=\/wp\/v2\/users\/3"}],"replies":[{"embeddable":true,"href":"http:\/\/sternwind.at\/index.php?rest_route=%2Fwp%2Fv2%2Fcomments&post=181"}],"version-history":[{"count":6,"href":"http:\/\/sternwind.at\/index.php?rest_route=\/wp\/v2\/pages\/181\/revisions"}],"predecessor-version":[{"id":196,"href":"http:\/\/sternwind.at\/index.php?rest_route=\/wp\/v2\/pages\/181\/revisions\/196"}],"wp:attachment":[{"href":"http:\/\/sternwind.at\/index.php?rest_route=%2Fwp%2Fv2%2Fmedia&parent=181"}],"curies":[{"name":"wp","href":"https:\/\/api.w.org\/{rel}","templated":true}]}}