{"id":102,"date":"2019-05-20T16:15:35","date_gmt":"2019-05-20T14:15:35","guid":{"rendered":"http:\/\/sternwind.at\/?page_id=102"},"modified":"2019-05-20T16:21:08","modified_gmt":"2019-05-20T14:21:08","slug":"kontakt-links","status":"publish","type":"page","link":"http:\/\/sternwind.at\/?page_id=102","title":{"rendered":"Kontakt &#038; Links:"},"content":{"rendered":"\n<p>Wenn Sie mit uns in Kontakt treten wollen, bitte ich um eine Email an\u00a0folgende Adresse:<br><a href=\"mailto:sternwind@sternwind.at\"><strong>sternwind@sternwind.at<\/strong><\/a><br>Ich werde mich umgehend um Ihr Anliegen bem\u00fchen.<br>Mag. Andreas Reichl, Gesch\u00e4ftsf\u00fchrer der<\/p>\n\n\n\n<ul class=\"wp-block-list\"><li>STERNWIND Errichtungs- und Betriebs-GmbH, Gabauerweg 26, <br>A-4190 Bad Leonfelden<\/li><li>STERNWIND Errichtungs- und Betriebs-GmbH &amp; Co KG, Hauptstra\u00dfe 7, <br>A-4191 Vorderwei\u00dfenbach<\/li><li>STERNWIND III GmbH, Hauptstra\u00dfe 7, A-4191 Vorderwei\u00dfenbach<\/li><\/ul>\n\n\n\n<p>Mobil: +43 664 300 1881<br>Email: <a href=\"mailto:sternwind@sternwind.at\">sternwind@sternwind.at<\/a><br>Web: <a href=\"http:\/\/sternwind.at\/\">www.sternwind.at<\/a><\/p>\n\n\n\n<p><strong>Weiterf\u00fchrende Links:<\/strong><br>Das Planungsb\u00fcro f\u00fcr STERNWIND: <a href=\"http:\/\/www.energiewerkstatt.at\">http:\/\/www.energiewerkstatt.at<\/a><br>Planungsb\u00fcro Sternwind III: <a href=\"http:\/\/www.windenergie.at\">http:\/\/www.windenergie.at<\/a><br>Interessengemeinschaft Windkraft \u00d6sterreich: <a href=\"http:\/\/www.igwindkraft.at\">http:\/\/www.igwindkraft.at<\/a><br>Forschung: <a href=\"http:\/\/www.energiewerkstatt.org\">http:\/\/www.energiewerkstatt.org<\/a><\/p>\n\n\n\n<figure class=\"wp-block-image\"><img loading=\"lazy\" decoding=\"async\" width=\"561\" height=\"206\" src=\"http:\/\/sternwind.at\/wp-content\/uploads\/2019\/05\/Logo-EU-SW.jpg\" alt=\"\" class=\"wp-image-29\" srcset=\"http:\/\/sternwind.at\/wp-content\/uploads\/2019\/05\/Logo-EU-SW.jpg 561w, http:\/\/sternwind.at\/wp-content\/uploads\/2019\/05\/Logo-EU-SW-300x110.jpg 300w\" sizes=\"auto, (max-width: 561px) 100vw, 561px\" \/><\/figure>\n","protected":false},"excerpt":{"rendered":"<p>Wenn Sie mit uns in Kontakt treten wollen, bitte ich um eine Email an\u00a0folgende Adresse:sternwind@sternwind.atIch werde mich umgehend um Ihr Anliegen bem\u00fchen.Mag. Andreas Reichl, Gesch\u00e4ftsf\u00fchrer der STERNWIND Errichtungs- und Betriebs-GmbH, Gabauerweg 26, A-4190 Bad Leonfelden STERNWIND Errichtungs- und Betriebs-GmbH &amp; Co KG, Hauptstra\u00dfe 7, A-4191 Vorderwei\u00dfenbach STERNWIND III GmbH, Hauptstra\u00dfe 7, A-4191 Vorderwei\u00dfenbach Mobil: +43 &hellip; <\/p>\n<p class=\"link-more\"><a href=\"http:\/\/sternwind.at\/?page_id=102\" class=\"more-link\"><span class=\"screen-reader-text\">\u201eKontakt &#038; Links:\u201c <\/span>weiterlesen<\/a><\/p>\n","protected":false},"author":3,"featured_media":0,"parent":4,"menu_order":13,"comment_status":"closed","ping_status":"closed","template":"","meta":{"footnotes":""},"class_list":["post-102","page","type-page","status-publish","hentry","entry"],"_links":{"self":[{"href":"http:\/\/sternwind.at\/index.php?rest_route=\/wp\/v2\/pages\/102","targetHints":{"allow":["GET"]}}],"collection":[{"href":"http:\/\/sternwind.at\/index.php?rest_route=\/wp\/v2\/pages"}],"about":[{"href":"http:\/\/sternwind.at\/index.php?rest_route=\/wp\/v2\/types\/page"}],"author":[{"embeddable":true,"href":"http:\/\/sternwind.at\/index.php?rest_route=\/wp\/v2\/users\/3"}],"replies":[{"embeddable":true,"href":"http:\/\/sternwind.at\/index.php?rest_route=%2Fwp%2Fv2%2Fcomments&post=102"}],"version-history":[{"count":1,"href":"http:\/\/sternwind.at\/index.php?rest_route=\/wp\/v2\/pages\/102\/revisions"}],"predecessor-version":[{"id":103,"href":"http:\/\/sternwind.at\/index.php?rest_route=\/wp\/v2\/pages\/102\/revisions\/103"}],"up":[{"embeddable":true,"href":"http:\/\/sternwind.at\/index.php?rest_route=\/wp\/v2\/pages\/4"}],"wp:attachment":[{"href":"http:\/\/sternwind.at\/index.php?rest_route=%2Fwp%2Fv2%2Fmedia&parent=102"}],"curies":[{"name":"wp","href":"https:\/\/api.w.org\/{rel}","templated":true}]}}